{"id":71,"date":"2016-05-12T17:34:39","date_gmt":"2016-05-12T17:34:39","guid":{"rendered":"http:\/\/angelsee-maschen.de\/?page_id=71"},"modified":"2026-03-15T18:52:20","modified_gmt":"2026-03-15T18:52:20","slug":"seeordnung","status":"publish","type":"page","link":"https:\/\/angelsee-maschen.de\/?page_id=71","title":{"rendered":"Seeordnung"},"content":{"rendered":"<p><strong>1.) Das Angeln ist nur mit g\u00fcltiger Tages-\/Nachtkarte erlaubt. F\u00fcr jede nicht bezahlte Rute wird eine Geb\u00fchr von 50.- \u20ac erhoben.<\/strong><\/p>\n<p><strong>2.) Angelkarten sind nicht \u00dcbertragbar.<\/strong><\/p>\n<p><strong>3.) Jeder Fisch ist zu keschern und sofort waidgerecht zu t\u00f6ten..<\/strong><\/p>\n<p><strong>4.) Das Befahren des Gel\u00e4ndes darf nur in Schrittgeschwindigkeit erfolgen und geschieht auf eigene Gefahr. Es gilt die StVO!<\/strong><\/p>\n<p><strong>5.) Es d\u00fcrfen keine lebenden K\u00f6derfische verwendet werden (Tierschutzgesetz).<\/strong><\/p>\n<p><strong>6.) Der Angelplatz ist sauber zu hinterlassen. Jeder entsorgt seinen produzierten M\u00fcll selbst!\u00a0Auch gebrauchte Angelsehne ist M\u00fcll. F\u00fcr das NICHT einhalten wird eine Geb\u00fchr von 100\u20ac erhoben!<\/strong><\/p>\n<p><strong>7.) Jegliches Anf\u00fcttern und Angeln mit Futterk\u00f6rben, sowie das Senken ist untersagt.<\/strong><\/p>\n<p><strong>8.) Es ist immer der g\u00fcltige Jahresfischereischein mitzuf\u00fchren.<\/strong><\/p>\n<p><strong>9.) Jeder Angler hat folgende Hilfsger\u00e4te bei sich zu f\u00fchren:\u00a0 Unterfangkescher, Hakenl\u00f6ser, Messer, Fischt\u00f6ter und Zentimeterma\u00df.<\/strong><\/p>\n<p><strong>10.) Das Grillen ist nur in Verbindung mit einem Grill erlaubt. Grillger\u00e4te m\u00fcssen mind. 20 cm Abstand vom Boden haben. Der\u00a0 Grill ist st\u00e4ndig unter Beobachtung zu halten. Der Angler haftet f\u00fcr die vom Grill angerichteten Sch\u00e4den. Die Grillkohle sowie sonstiges\u00a0 Grillzubeh\u00f6r geh\u00f6ren entsprechend entsorgt. <\/strong><\/p>\n<p><strong>11.) Fische, wie Graskarpfen , Spiegelkarpfen , St\u00f6re etc. \u00fcber 15 KG gelten als Pflege Fische des Angelsees und M\u00dcSSEN im See bleiben!\u00a0<\/strong><\/p>\n<p><strong>12.) Das Anlegen und betreiben von Feuerstellen ist untersagt. <\/strong><\/p>\n<p><strong>13.) <span style=\"color: #ff0000;\">FANGBEGRENZUNG<\/span><\/strong><\/p>\n<p><strong> 1\u20ac PRO FORELLE! <\/strong><\/p>\n<p><strong>( 40\u20ac ZAHLEN = 40 FORELLEN MITNEHMEN. )<\/strong><\/p>\n","protected":false},"excerpt":{"rendered":"<p>1.) Das Angeln ist nur mit g\u00fcltiger Tages-\/Nachtkarte erlaubt. F\u00fcr jede nicht bezahlte Rute wird eine Geb\u00fchr von 50.- \u20ac erhoben. 2.) Angelkarten sind nicht \u00dcbertragbar. 3.) Jeder Fisch ist zu keschern und sofort waidgerecht<a class=\"read-more\" href=\"https:\/\/angelsee-maschen.de\/?page_id=71\">Continue reading<\/a><\/p>\n","protected":false},"author":1,"featured_media":0,"parent":0,"menu_order":5,"comment_status":"closed","ping_status":"closed","template":"","meta":{"footnotes":""},"_links":{"self":[{"href":"https:\/\/angelsee-maschen.de\/index.php?rest_route=\/wp\/v2\/pages\/71"}],"collection":[{"href":"https:\/\/angelsee-maschen.de\/index.php?rest_route=\/wp\/v2\/pages"}],"about":[{"href":"https:\/\/angelsee-maschen.de\/index.php?rest_route=\/wp\/v2\/types\/page"}],"author":[{"embeddable":true,"href":"https:\/\/angelsee-maschen.de\/index.php?rest_route=\/wp\/v2\/users\/1"}],"replies":[{"embeddable":true,"href":"https:\/\/angelsee-maschen.de\/index.php?rest_route=%2Fwp%2Fv2%2Fcomments&post=71"}],"version-history":[{"count":9,"href":"https:\/\/angelsee-maschen.de\/index.php?rest_route=\/wp\/v2\/pages\/71\/revisions"}],"predecessor-version":[{"id":1841,"href":"https:\/\/angelsee-maschen.de\/index.php?rest_route=\/wp\/v2\/pages\/71\/revisions\/1841"}],"wp:attachment":[{"href":"https:\/\/angelsee-maschen.de\/index.php?rest_route=%2Fwp%2Fv2%2Fmedia&parent=71"}],"curies":[{"name":"wp","href":"https:\/\/api.w.org\/{rel}","templated":true}]}}